{"id":101,"date":"2019-02-10T18:05:45","date_gmt":"2019-02-10T18:05:45","guid":{"rendered":"http:\/\/orca-consult.de\/?page_id=101"},"modified":"2019-02-12T21:27:23","modified_gmt":"2019-02-12T21:27:23","slug":"verhandlungsfuehrung","status":"publish","type":"page","link":"http:\/\/orca-consult.de\/?page_id=101","title":{"rendered":"Verhandeln"},"content":{"rendered":"\n<p>Sind Sie ein eher emotionaler Mensch und m\u00fcssen einen Konflikt l\u00f6sen, bei dem ein \u201ek\u00fchler Kopf\u201c gefragt ist ?<\/p>\n\n\n\n<p>Oder haben Sie einen Gesch\u00e4ftstermin, bei dem es besser, w\u00e4re, \u201ezu Zweit\u201c zu erscheinen ?<\/p>\n\n\n\n<p>Nicht nur, da\u00df es oft vorteilhaft ist, bei Verhandlungen in Begleitung eines \u201eneutralen Dritten\u201c zu sein, der notfalls auch bezeugen kann, was vorgefallen ist, sondern man geht auch viel entspannter in schwierige Verhandlungen, wenn man eine weitere Person an seiner Seite weis.<\/p>\n\n\n\n<p>Fall Sie mit der kompletten Verhandlung \u201enichts zu tun haben wollen\u201c, f\u00fchren wir auch allein f\u00fcr Sie das Gepr\u00e4ch \/ die Verhandlung und versuchen, da\u00df von Ihnen gew\u00fcnschte Resultat herbeizuf\u00fchren.<\/p>\n\n\n<p><!--EndFragment--><\/p>\n<p><\/p>","protected":false},"excerpt":{"rendered":"<p>Sind Sie ein eher emotionaler Mensch und m\u00fcssen einen Konflikt l\u00f6sen, bei dem ein \u201ek\u00fchler Kopf\u201c gefragt ist ? Oder haben Sie einen Gesch\u00e4ftstermin, bei dem es besser, w\u00e4re, \u201ezu Zweit\u201c zu erscheinen ? Nicht nur, da\u00df es oft vorteilhaft ist, bei Verhandlungen in Begleitung eines \u201eneutralen Dritten\u201c zu sein, der notfalls auch bezeugen kann, [&hellip;]<\/p>\n","protected":false},"author":1,"featured_media":0,"parent":0,"menu_order":0,"comment_status":"closed","ping_status":"closed","template":"","meta":{"footnotes":""},"class_list":["post-101","page","type-page","status-publish","hentry"],"_links":{"self":[{"href":"http:\/\/orca-consult.de\/index.php?rest_route=\/wp\/v2\/pages\/101","targetHints":{"allow":["GET"]}}],"collection":[{"href":"http:\/\/orca-consult.de\/index.php?rest_route=\/wp\/v2\/pages"}],"about":[{"href":"http:\/\/orca-consult.de\/index.php?rest_route=\/wp\/v2\/types\/page"}],"author":[{"embeddable":true,"href":"http:\/\/orca-consult.de\/index.php?rest_route=\/wp\/v2\/users\/1"}],"replies":[{"embeddable":true,"href":"http:\/\/orca-consult.de\/index.php?rest_route=%2Fwp%2Fv2%2Fcomments&post=101"}],"version-history":[{"count":4,"href":"http:\/\/orca-consult.de\/index.php?rest_route=\/wp\/v2\/pages\/101\/revisions"}],"predecessor-version":[{"id":156,"href":"http:\/\/orca-consult.de\/index.php?rest_route=\/wp\/v2\/pages\/101\/revisions\/156"}],"wp:attachment":[{"href":"http:\/\/orca-consult.de\/index.php?rest_route=%2Fwp%2Fv2%2Fmedia&parent=101"}],"curies":[{"name":"wp","href":"https:\/\/api.w.org\/{rel}","templated":true}]}}