{"id":133,"date":"2019-02-10T18:52:16","date_gmt":"2019-02-10T18:52:16","guid":{"rendered":"http:\/\/orca-consult.de\/?page_id=133"},"modified":"2019-02-10T21:04:58","modified_gmt":"2019-02-10T21:04:58","slug":"treuhandstiftungen","status":"publish","type":"page","link":"http:\/\/orca-consult.de\/?page_id=133","title":{"rendered":"Treuhandstiftungen"},"content":{"rendered":"\n<p>Treuhandstiftungen (auch unselbstst\u00e4ndige, nicht-rechtsf\u00e4hige oder fiduziarische Stiftung genannt) werden von dem Stifter gegr\u00fcndet, sind aber nicht rechtsf\u00e4hig.<br>Die Stiftungen k\u00f6nnen selbstst\u00e4ndig nicht am Rechtsverkehr teilnehmen.<\/p>\n\n\n\n<p>Abhilfe schafft der sogenannte \u201eTreuh\u00e4nder\u201c , der die Treuhandstiftung bei dem Abschluss von  Rechtsgesch\u00e4ften vertritt und die Anweisungen des Stifters 1:1 umsetzt.<\/p>\n\n\n\n<p>Wir sind Ihnen bei der Gr\u00fcndung von Treuhandstiftungen behilflich und k\u00f6nnen einen einen geeigneten  Treuh\u00e4nder vermitteln  .<\/p>\n\n\n\n<p><strong>Wozu braucht man Treuhandstiftungen ?<\/strong><br>Nun, angenommen, Sie m\u00f6chten ein Projekt ohne gro\u00dfen Verwaltungsaufwand f\u00f6rdern und Finanzmittel aquirieren und sammeln, sei das Projekt  gemeinn\u00fctzig oder nicht, w\u00e4re eine Treuhandstiftung vielleicht die geeignete Plattform f\u00fcr Sie: Schnell gegr\u00fcndet, fast kein Verwaltungsaufwand, absolut anonym und steuerpflichtig nicht bei Ihnen, sondern beim Treuh\u00e4nder.<\/p>\n\n\n\n<p>Bei Interesse beraten wir Sie gerne.<\/p>\n\n\n\n<p><\/p>\n","protected":false},"excerpt":{"rendered":"<p>Treuhandstiftungen (auch unselbstst\u00e4ndige, nicht-rechtsf\u00e4hige oder fiduziarische Stiftung genannt) werden von dem Stifter gegr\u00fcndet, sind aber nicht rechtsf\u00e4hig.Die Stiftungen k\u00f6nnen selbstst\u00e4ndig nicht am Rechtsverkehr teilnehmen. Abhilfe schafft der sogenannte \u201eTreuh\u00e4nder\u201c , der die Treuhandstiftung bei dem Abschluss von Rechtsgesch\u00e4ften vertritt und die Anweisungen des Stifters 1:1 umsetzt. Wir sind Ihnen bei der Gr\u00fcndung von Treuhandstiftungen behilflich [&hellip;]<\/p>\n","protected":false},"author":1,"featured_media":0,"parent":0,"menu_order":0,"comment_status":"closed","ping_status":"closed","template":"","meta":{"footnotes":""},"class_list":["post-133","page","type-page","status-publish","hentry"],"_links":{"self":[{"href":"http:\/\/orca-consult.de\/index.php?rest_route=\/wp\/v2\/pages\/133","targetHints":{"allow":["GET"]}}],"collection":[{"href":"http:\/\/orca-consult.de\/index.php?rest_route=\/wp\/v2\/pages"}],"about":[{"href":"http:\/\/orca-consult.de\/index.php?rest_route=\/wp\/v2\/types\/page"}],"author":[{"embeddable":true,"href":"http:\/\/orca-consult.de\/index.php?rest_route=\/wp\/v2\/users\/1"}],"replies":[{"embeddable":true,"href":"http:\/\/orca-consult.de\/index.php?rest_route=%2Fwp%2Fv2%2Fcomments&post=133"}],"version-history":[{"count":2,"href":"http:\/\/orca-consult.de\/index.php?rest_route=\/wp\/v2\/pages\/133\/revisions"}],"predecessor-version":[{"id":137,"href":"http:\/\/orca-consult.de\/index.php?rest_route=\/wp\/v2\/pages\/133\/revisions\/137"}],"wp:attachment":[{"href":"http:\/\/orca-consult.de\/index.php?rest_route=%2Fwp%2Fv2%2Fmedia&parent=133"}],"curies":[{"name":"wp","href":"https:\/\/api.w.org\/{rel}","templated":true}]}}