{"id":17,"date":"2019-02-10T14:47:50","date_gmt":"2019-02-10T14:47:50","guid":{"rendered":"http:\/\/orca-consult.de\/?page_id=17"},"modified":"2025-02-01T16:25:48","modified_gmt":"2025-02-01T16:25:48","slug":"fragen-faqs","status":"publish","type":"page","link":"http:\/\/orca-consult.de\/?page_id=17","title":{"rendered":"Fragen | FAQs"},"content":{"rendered":"\n<p><strong>Ab welchem &#8222;Gesch\u00e4ftswert&#8220; werden Sie t\u00e4tig ?<\/strong><br>Wir werden unabh\u00e4ngig vom Gesch\u00e4ftswert t\u00e4tig, in der Vergangenheit war die Range zwischen 10 EUR und 10 Millionen CHF.<\/p>\n\n\n\n<p><strong>Warum nicht gleich &#8222;zum Anwalt&#8220; gehen ?<\/strong><br> Wir wollen nicht &#8222;prozessieren&#8220;, sondern vern\u00fcnftige L\u00f6sungen erarbeiten.<br> F\u00fcr uns gilt nicht: &#8220; je mehr Prozesse desto besser &#8222;. <br>Und wir sind nicht an die &#8222;Fesseln&#8220; des anwaltlichen Standesrechts gebunden. Wird dennoch ein Rechtsanwalt ben\u00f6tigt, werden wir durch erfahrene Juristen unterst\u00fctzt.<\/p>\n","protected":false},"excerpt":{"rendered":"<p>Ab welchem &#8222;Gesch\u00e4ftswert&#8220; werden Sie t\u00e4tig ?Wir werden unabh\u00e4ngig vom Gesch\u00e4ftswert t\u00e4tig, in der Vergangenheit war die Range zwischen 10 EUR und 10 Millionen CHF. Warum nicht gleich &#8222;zum Anwalt&#8220; gehen ? Wir wollen nicht &#8222;prozessieren&#8220;, sondern vern\u00fcnftige L\u00f6sungen erarbeiten. F\u00fcr uns gilt nicht: &#8220; je mehr Prozesse desto besser &#8222;. Und wir sind nicht [&hellip;]<\/p>\n","protected":false},"author":1,"featured_media":0,"parent":0,"menu_order":0,"comment_status":"closed","ping_status":"closed","template":"","meta":{"footnotes":""},"class_list":["post-17","page","type-page","status-publish","hentry"],"_links":{"self":[{"href":"http:\/\/orca-consult.de\/index.php?rest_route=\/wp\/v2\/pages\/17","targetHints":{"allow":["GET"]}}],"collection":[{"href":"http:\/\/orca-consult.de\/index.php?rest_route=\/wp\/v2\/pages"}],"about":[{"href":"http:\/\/orca-consult.de\/index.php?rest_route=\/wp\/v2\/types\/page"}],"author":[{"embeddable":true,"href":"http:\/\/orca-consult.de\/index.php?rest_route=\/wp\/v2\/users\/1"}],"replies":[{"embeddable":true,"href":"http:\/\/orca-consult.de\/index.php?rest_route=%2Fwp%2Fv2%2Fcomments&post=17"}],"version-history":[{"count":4,"href":"http:\/\/orca-consult.de\/index.php?rest_route=\/wp\/v2\/pages\/17\/revisions"}],"predecessor-version":[{"id":209,"href":"http:\/\/orca-consult.de\/index.php?rest_route=\/wp\/v2\/pages\/17\/revisions\/209"}],"wp:attachment":[{"href":"http:\/\/orca-consult.de\/index.php?rest_route=%2Fwp%2Fv2%2Fmedia&parent=17"}],"curies":[{"name":"wp","href":"https:\/\/api.w.org\/{rel}","templated":true}]}}