{"id":193,"date":"2025-02-01T15:54:21","date_gmt":"2025-02-01T15:54:21","guid":{"rendered":"http:\/\/orca-consult.de\/?page_id=193"},"modified":"2025-03-21T17:03:52","modified_gmt":"2025-03-21T17:03:52","slug":"projekte","status":"publish","type":"page","link":"http:\/\/orca-consult.de\/?page_id=193","title":{"rendered":"Beispiele Projekte"},"content":{"rendered":"\n<p class=\"has-medium-font-size\"><strong>Erledigt !<\/strong><br>Hier finden Sie eine Darstellung von interessanten oder typischen Auftr\u00e4gen, die wir \u00fcbernommen haben. Teilweise haben wir die Auftr\u00e4ge zusammen mit unseren Netzwerk-Partnern durchgef\u00fchrt. Wie Sie sehen (k\u00f6nnen), sind auch sehr au\u00dfergew\u00f6hnliche Fallkonstellationen dabei, die uns Einiges abverlangt haben.<br>Aber es gibt nichts Schlimmers f\u00fcr uns als Routine &#8211; <strong>wir lieben Herausforderungen<\/strong> !<\/p>\n\n\n\n<p><\/p>\n\n\n\n<figure class=\"wp-block-table\"><table><tbody><tr><td><strong>Projektart<\/strong><\/td><td class=\"has-text-align-center\" data-align=\"center\"><strong>Gesch\u00e4ftsvolumen<\/strong> in Euro<\/td><\/tr><tr><td><a href=\"http:\/\/orca-consult.de\/?page_id=237\" data-type=\"page\" data-id=\"237\"><strong>Abwendung eines Strafverfahrens<\/strong><\/a><\/td><td class=\"has-text-align-center\" data-align=\"center\">1.000.000<\/td><\/tr><tr><td><a href=\"http:\/\/orca-consult.de\/?page_id=262\" data-type=\"page\" data-id=\"262\"><strong>Nachla\u00df,  Aufteilung<\/strong><\/a><\/td><td class=\"has-text-align-center\" data-align=\"center\">1.000.000<\/td><\/tr><tr><td><a href=\"http:\/\/orca-consult.de\/?page_id=239\" data-type=\"page\" data-id=\"239\"><strong>Abwendung eines Insolvenzverfahrens<\/strong><\/a><\/td><td class=\"has-text-align-center\" data-align=\"center\">20.000<\/td><\/tr><tr><td><a href=\"http:\/\/orca-consult.de\/?page_id=242\" data-type=\"page\" data-id=\"242\"><strong>R\u00fcckabwicklung eines Kaufvertrags<\/strong><\/a><\/td><td class=\"has-text-align-center\" data-align=\"center\">10,-<\/td><\/tr><tr><td><a href=\"http:\/\/orca-consult.de\/?page_id=244\" data-type=\"page\" data-id=\"244\"><strong>Verfolgung Investmentkapital | Mafia<\/strong><\/a><\/td><td class=\"has-text-align-center\" data-align=\"center\">10.000.000<\/td><\/tr><tr><td><a href=\"http:\/\/orca-consult.de\/?page_id=246\" data-type=\"page\" data-id=\"246\"><strong>Entwicklung von allgemeine Vertragsbedingungen<\/strong><\/a><\/td><td class=\"has-text-align-center\" data-align=\"center\">3.000<\/td><\/tr><tr><td><a href=\"http:\/\/orca-consult.de\/?page_id=248\" data-type=\"page\" data-id=\"248\"><strong>Veruntreuung von Provisionen<\/strong><\/a><\/td><td class=\"has-text-align-center\" data-align=\"center\">20.000<\/td><\/tr><tr><td><a href=\"http:\/\/orca-consult.de\/?page_id=250\" data-type=\"page\" data-id=\"250\"><strong>Geltendmachung von Anspr\u00fcchen gegen eine Versicherung<\/strong><\/a><\/td><td class=\"has-text-align-center\" data-align=\"center\">100.000<\/td><\/tr><tr><td><a href=\"http:\/\/orca-consult.de\/?page_id=246\" data-type=\"page\" data-id=\"246\"><strong>Entwicklung von AGBs f\u00fcr Trading-Handelssysteme<\/strong><\/a><\/td><td class=\"has-text-align-center\" data-align=\"center\">6.000<\/td><\/tr><tr><td><a href=\"http:\/\/orca-consult.de\/?page_id=254\" data-type=\"page\" data-id=\"254\"><strong>Restrukturierung eines Unternehmens<\/strong><\/a><\/td><td class=\"has-text-align-center\" data-align=\"center\">100.000<\/td><\/tr><tr><td><a href=\"http:\/\/orca-consult.de\/?page_id=256\" data-type=\"page\" data-id=\"256\"><strong>Aufbau einer Hausverwaltung<\/strong><\/a><\/td><td class=\"has-text-align-center\" data-align=\"center\">65.000<\/td><\/tr><tr><td><a href=\"http:\/\/orca-consult.de\/?page_id=258\" data-type=\"page\" data-id=\"258\"><strong>Kosteneffiziete Ehescheidung<\/strong><\/a><\/td><td class=\"has-text-align-center\" data-align=\"center\">40.000<\/td><\/tr><tr><td><strong><a href=\"http:\/\/orca-consult.de\/?page_id=270\" data-type=\"page\" data-id=\"270\">Gr\u00fcndung einer Offshore-Company<\/a><\/strong><\/td><td class=\"has-text-align-center\" data-align=\"center\">9.000<\/td><\/tr><tr><td><strong><a href=\"http:\/\/orca-consult.de\/?page_id=268\" data-type=\"page\" data-id=\"268\">Backoffice Finanzdienstleister<\/a><\/strong><\/td><td class=\"has-text-align-center\" data-align=\"center\">5.000<\/td><\/tr><tr><td><strong><a href=\"http:\/\/orca-consult.de\/?page_id=265\" data-type=\"page\" data-id=\"265\">Testamentsvollstreckung<\/a><\/strong><\/td><td class=\"has-text-align-center\" data-align=\"center\">400.000<\/td><\/tr><tr><td><\/td><td class=\"has-text-align-center\" data-align=\"center\"><\/td><\/tr><\/tbody><\/table><\/figure>\n\n\n\n<div class=\"wp-block-columns is-layout-flex wp-container-core-columns-is-layout-2 wp-block-columns-is-layout-flex\">\n<div class=\"wp-block-column is-layout-flow wp-block-column-is-layout-flow\">\n<div class=\"wp-block-columns is-layout-flex wp-container-core-columns-is-layout-1 wp-block-columns-is-layout-flex\">\n<div class=\"wp-block-column is-layout-flow wp-block-column-is-layout-flow\"><\/div>\n\n\n\n<div class=\"wp-block-column is-layout-flow wp-block-column-is-layout-flow\"><\/div>\n<\/div>\n<\/div>\n\n\n\n<div class=\"wp-block-column is-layout-flow wp-block-column-is-layout-flow\"><\/div>\n<\/div>\n\n\n\n<p><\/p>\n\n\n\n<p><\/p>\n","protected":false},"excerpt":{"rendered":"<p>Erledigt !Hier finden Sie eine Darstellung von interessanten oder typischen Auftr\u00e4gen, die wir \u00fcbernommen haben. Teilweise haben wir die Auftr\u00e4ge zusammen mit unseren Netzwerk-Partnern durchgef\u00fchrt. Wie Sie sehen (k\u00f6nnen), sind auch sehr au\u00dfergew\u00f6hnliche Fallkonstellationen dabei, die uns Einiges abverlangt haben.Aber es gibt nichts Schlimmers f\u00fcr uns als Routine &#8211; wir lieben Herausforderungen ! Projektart Gesch\u00e4ftsvolumen [&hellip;]<\/p>\n","protected":false},"author":1,"featured_media":0,"parent":22,"menu_order":0,"comment_status":"closed","ping_status":"closed","template":"","meta":{"footnotes":""},"class_list":["post-193","page","type-page","status-publish","hentry"],"_links":{"self":[{"href":"http:\/\/orca-consult.de\/index.php?rest_route=\/wp\/v2\/pages\/193","targetHints":{"allow":["GET"]}}],"collection":[{"href":"http:\/\/orca-consult.de\/index.php?rest_route=\/wp\/v2\/pages"}],"about":[{"href":"http:\/\/orca-consult.de\/index.php?rest_route=\/wp\/v2\/types\/page"}],"author":[{"embeddable":true,"href":"http:\/\/orca-consult.de\/index.php?rest_route=\/wp\/v2\/users\/1"}],"replies":[{"embeddable":true,"href":"http:\/\/orca-consult.de\/index.php?rest_route=%2Fwp%2Fv2%2Fcomments&post=193"}],"version-history":[{"count":13,"href":"http:\/\/orca-consult.de\/index.php?rest_route=\/wp\/v2\/pages\/193\/revisions"}],"predecessor-version":[{"id":339,"href":"http:\/\/orca-consult.de\/index.php?rest_route=\/wp\/v2\/pages\/193\/revisions\/339"}],"up":[{"embeddable":true,"href":"http:\/\/orca-consult.de\/index.php?rest_route=\/wp\/v2\/pages\/22"}],"wp:attachment":[{"href":"http:\/\/orca-consult.de\/index.php?rest_route=%2Fwp%2Fv2%2Fmedia&parent=193"}],"curies":[{"name":"wp","href":"https:\/\/api.w.org\/{rel}","templated":true}]}}