{"id":237,"date":"2025-03-18T21:28:07","date_gmt":"2025-03-18T21:28:07","guid":{"rendered":"http:\/\/orca-consult.de\/?p=237"},"modified":"2025-03-18T21:28:07","modified_gmt":"2025-03-18T21:28:07","slug":"abwendung-strafverfahrens-wert-1-mio","status":"publish","type":"page","link":"http:\/\/orca-consult.de\/?page_id=237","title":{"rendered":"Abwendung Strafverfahrens | Wert: 1 Mio"},"content":{"rendered":"\n<p>A, B und C waren Mitgesellschafter des Unternehmens Y, da\u00df Finanzprodukte vermittelte und auch anbat. B und C bedienten sich immer hemmungsloser aus der Firmenkasse. Als A das nicht mehr mittragen wollte, wurde er kurzerhand zwangsweise aus dem Unternehmen und dem B\u00fcro mittels \u201eMuskelm\u00e4nnern\u201c entfernt. Ein gro\u00dfes deutsches Verlagshaus hatte ca. 1 Mio CHF bei Y investiert. Als Y das Geld nicht ordnungsgem\u00e4\u00df zur\u00fcck zahlte, sondern es f\u00fcr den luxeri\u00f6sen Eigenbedarf verprasste, sollte gegen A, B und C ein Straf- und Zivilverfahren eingeleitet werden.<br>A kam zu uns und bat um Hilfe. Er sei von allen Finanzmittel \u201eabgeschnitten\u201c durch den \u201eRauswurf\u201c und f\u00fcrchte eine Verhaftung wegen Untreue u.a.<br>Nach sehr schwierigen und lang andauernden Verhandlungen konnte erreicht werden, da\u00df A nicht zur Anzeige gebracht wurde. Ein Zivilproze\u00df wurde nicht notwenig, da A dem Verlagshaus eine notarielle Schuldurkunde \u00fcberlie\u00df.<\/p>\n","protected":false},"excerpt":{"rendered":"<p>A, B und C waren Mitgesellschafter des Unternehmens Y, da\u00df Finanzprodukte vermittelte und auch anbat. B und C bedienten sich immer hemmungsloser aus der Firmenkasse. Als A das nicht mehr mittragen wollte, wurde er kurzerhand zwangsweise aus dem Unternehmen und dem B\u00fcro mittels \u201eMuskelm\u00e4nnern\u201c entfernt. Ein gro\u00dfes deutsches Verlagshaus hatte ca. 1 Mio CHF bei [&hellip;]<\/p>\n","protected":false},"author":1,"featured_media":0,"parent":0,"menu_order":0,"comment_status":"closed","ping_status":"closed","template":"","meta":{"footnotes":""},"class_list":["post-237","page","type-page","status-publish","hentry"],"_links":{"self":[{"href":"http:\/\/orca-consult.de\/index.php?rest_route=\/wp\/v2\/pages\/237","targetHints":{"allow":["GET"]}}],"collection":[{"href":"http:\/\/orca-consult.de\/index.php?rest_route=\/wp\/v2\/pages"}],"about":[{"href":"http:\/\/orca-consult.de\/index.php?rest_route=\/wp\/v2\/types\/page"}],"author":[{"embeddable":true,"href":"http:\/\/orca-consult.de\/index.php?rest_route=\/wp\/v2\/users\/1"}],"replies":[{"embeddable":true,"href":"http:\/\/orca-consult.de\/index.php?rest_route=%2Fwp%2Fv2%2Fcomments&post=237"}],"version-history":[{"count":1,"href":"http:\/\/orca-consult.de\/index.php?rest_route=\/wp\/v2\/pages\/237\/revisions"}],"predecessor-version":[{"id":238,"href":"http:\/\/orca-consult.de\/index.php?rest_route=\/wp\/v2\/pages\/237\/revisions\/238"}],"wp:attachment":[{"href":"http:\/\/orca-consult.de\/index.php?rest_route=%2Fwp%2Fv2%2Fmedia&parent=237"}],"curies":[{"name":"wp","href":"https:\/\/api.w.org\/{rel}","templated":true}]}}