{"id":239,"date":"2025-03-18T21:29:44","date_gmt":"2025-03-18T21:29:44","guid":{"rendered":"http:\/\/orca-consult.de\/?page_id=239"},"modified":"2025-03-18T22:00:51","modified_gmt":"2025-03-18T22:00:51","slug":"abwendung-insolvenz-g-wert-ca-20-000-eur","status":"publish","type":"page","link":"http:\/\/orca-consult.de\/?page_id=239","title":{"rendered":"Abwendung  Insolvenz | G.-Wert ca. 20.000 EUR"},"content":{"rendered":"\n<p>Ein pers\u00f6nlich gesamtschuldnerisch haftender Gesellschafter G, der weiterhin am Wirtschaftsleben teilhaben wollte, wandte sich an uns, um Zwangsvollstreckungsma\u00dfnahmen gegen ihn zu vermeiden.Zun\u00e4chst wurde alle Gl\u00e4ubiger festgestellt und die Kleingl\u00e4ubiger befriedigt.<br>Es verbieben 4 Gl\u00e4ubiger, die auf einen Teil ihrer Forderung verzichteten und dem G dann gestatteten, die Restforderung ratenweise zu bezahlen.<br>G mu\u00dfte weder Zwangsma\u00dfnahmen dulden noch Privatinsolvenz anmelden.<br>Mittlerweile sind s\u00e4mliche Schulden zur\u00fcckbezahlt.<\/p>\n","protected":false},"excerpt":{"rendered":"<p>Ein pers\u00f6nlich gesamtschuldnerisch haftender Gesellschafter G, der weiterhin am Wirtschaftsleben teilhaben wollte, wandte sich an uns, um Zwangsvollstreckungsma\u00dfnahmen gegen ihn zu vermeiden.Zun\u00e4chst wurde alle Gl\u00e4ubiger festgestellt und die Kleingl\u00e4ubiger befriedigt.Es verbieben 4 Gl\u00e4ubiger, die auf einen Teil ihrer Forderung verzichteten und dem G dann gestatteten, die Restforderung ratenweise zu bezahlen.G mu\u00dfte weder Zwangsma\u00dfnahmen dulden noch [&hellip;]<\/p>\n","protected":false},"author":1,"featured_media":0,"parent":0,"menu_order":0,"comment_status":"closed","ping_status":"closed","template":"","meta":{"footnotes":""},"class_list":["post-239","page","type-page","status-publish","hentry"],"_links":{"self":[{"href":"http:\/\/orca-consult.de\/index.php?rest_route=\/wp\/v2\/pages\/239","targetHints":{"allow":["GET"]}}],"collection":[{"href":"http:\/\/orca-consult.de\/index.php?rest_route=\/wp\/v2\/pages"}],"about":[{"href":"http:\/\/orca-consult.de\/index.php?rest_route=\/wp\/v2\/types\/page"}],"author":[{"embeddable":true,"href":"http:\/\/orca-consult.de\/index.php?rest_route=\/wp\/v2\/users\/1"}],"replies":[{"embeddable":true,"href":"http:\/\/orca-consult.de\/index.php?rest_route=%2Fwp%2Fv2%2Fcomments&post=239"}],"version-history":[{"count":2,"href":"http:\/\/orca-consult.de\/index.php?rest_route=\/wp\/v2\/pages\/239\/revisions"}],"predecessor-version":[{"id":272,"href":"http:\/\/orca-consult.de\/index.php?rest_route=\/wp\/v2\/pages\/239\/revisions\/272"}],"wp:attachment":[{"href":"http:\/\/orca-consult.de\/index.php?rest_route=%2Fwp%2Fv2%2Fmedia&parent=239"}],"curies":[{"name":"wp","href":"https:\/\/api.w.org\/{rel}","templated":true}]}}