{"id":24,"date":"2019-02-10T14:49:35","date_gmt":"2019-02-10T14:49:35","guid":{"rendered":"http:\/\/orca-consult.de\/?page_id=24"},"modified":"2019-02-10T17:03:28","modified_gmt":"2019-02-10T17:03:28","slug":"links","status":"publish","type":"page","link":"http:\/\/orca-consult.de\/?page_id=24","title":{"rendered":"Links"},"content":{"rendered":"\n<p>Wir haben beste Erfahrungen mit folgenden Partnern gemacht:<\/p>\n\n\n\n<p>Herbert O\u00dfwald<br>\nOrganisaton von Gruppenreisen<br>\n(Bus, Schiff oder Flugzeug)<br>\nhttp:\/\/www.gruppen-reisen.net\/<\/p>\n\n\n\n<p>Benjamin Oechsler,<br> Kundengewinnung im Internet<br> lokales und regionales Online Marketing, Kundenakquisition<br> 360\u00b0 Sichtbarkeitssystem f\u00fcr lokale Internetwerbung, effektives Marketing f\u00fcr kleine und mittelst\u00e4ndische Unternehmen,  lokale Suchmaschinen-optimierung f\u00fcr Top Google-Positionen,  online-Reputationsmanagement<br> http:\/\/benlocal.de\/<\/p>\n","protected":false},"excerpt":{"rendered":"<p>Wir haben beste Erfahrungen mit folgenden Partnern gemacht: Herbert O\u00dfwald Organisaton von Gruppenreisen (Bus, Schiff oder Flugzeug) http:\/\/www.gruppen-reisen.net\/ Benjamin Oechsler, Kundengewinnung im Internet lokales und regionales Online Marketing, Kundenakquisition 360\u00b0 Sichtbarkeitssystem f\u00fcr lokale Internetwerbung, effektives Marketing f\u00fcr kleine und mittelst\u00e4ndische Unternehmen, lokale Suchmaschinen-optimierung f\u00fcr Top Google-Positionen, online-Reputationsmanagement http:\/\/benlocal.de\/<\/p>\n","protected":false},"author":1,"featured_media":0,"parent":0,"menu_order":0,"comment_status":"closed","ping_status":"closed","template":"","meta":{"footnotes":""},"class_list":["post-24","page","type-page","status-publish","hentry"],"_links":{"self":[{"href":"http:\/\/orca-consult.de\/index.php?rest_route=\/wp\/v2\/pages\/24","targetHints":{"allow":["GET"]}}],"collection":[{"href":"http:\/\/orca-consult.de\/index.php?rest_route=\/wp\/v2\/pages"}],"about":[{"href":"http:\/\/orca-consult.de\/index.php?rest_route=\/wp\/v2\/types\/page"}],"author":[{"embeddable":true,"href":"http:\/\/orca-consult.de\/index.php?rest_route=\/wp\/v2\/users\/1"}],"replies":[{"embeddable":true,"href":"http:\/\/orca-consult.de\/index.php?rest_route=%2Fwp%2Fv2%2Fcomments&post=24"}],"version-history":[{"count":3,"href":"http:\/\/orca-consult.de\/index.php?rest_route=\/wp\/v2\/pages\/24\/revisions"}],"predecessor-version":[{"id":83,"href":"http:\/\/orca-consult.de\/index.php?rest_route=\/wp\/v2\/pages\/24\/revisions\/83"}],"wp:attachment":[{"href":"http:\/\/orca-consult.de\/index.php?rest_route=%2Fwp%2Fv2%2Fmedia&parent=24"}],"curies":[{"name":"wp","href":"https:\/\/api.w.org\/{rel}","templated":true}]}}