{"id":244,"date":"2025-03-18T21:32:03","date_gmt":"2025-03-18T21:32:03","guid":{"rendered":"http:\/\/orca-consult.de\/?p=244"},"modified":"2025-03-18T21:32:03","modified_gmt":"2025-03-18T21:32:03","slug":"mafia-geschaeftswert-10-millionen-usd","status":"publish","type":"page","link":"http:\/\/orca-consult.de\/?page_id=244","title":{"rendered":"Mafia | Gesch\u00e4ftswert 10 Millionen USD"},"content":{"rendered":"\n<p>Der schweizer Staatsb\u00fcrger S investierte, vermittelt durch einen in Asien lebenden Deutschen, bei einer Firma A aus San Marino 10 Millionen USD zur Teilnahme an einem \u201eMTN-Tradingprogramm\u201c. S wandte sich an uns, als nach kurzer Zeit keine Ertr\u00e4ge an ihn gezahlt wurden und die R\u00fcckforderung des Investments erfolglos blieb. Wir nahmen Kontakt auf zu dem Gesch\u00e4ftsf\u00fchrer G von A auf und trafen ihn pers\u00f6nlich in Florenz.<br>G behauptete, er habe das Investment an den S\u00fcdafrikaner Z weitergeleitet zur Teilnahme an einem \u201eMTN-Programm\u201c. Z w\u00fcrde aber nicht performen und sei untergetaucht. G sei sei selbst betrogen worden von Z, dessen aktuelle Adresse G aber nicht kennen w\u00fcrde. Durch Einschaltung von Detektiven konnte der Aufenthaltsort des Z in Italien \/ Toscana ermittelt werden. Durch schwierige Vor-Ort-Ermittlungen konnte exakt festgestellt werden, dass Z das Geld erhalten hatte und sogar, wie und wo er es \u201eangelegt\u201c hatte.<br>Wir beauftragten f\u00fcr S eine deutsch\/italienische Rechtsanwaltskanzlei, um eine Verhaftung des Z herbeizuf\u00fchren und daf\u00fcr zu sorgen, dass alsbald das Verm\u00f6gen des Z beschlagnahmt w\u00fcrde.<br>Leider erwies sich die deutsch-italienische Anwaltskanzlei als v\u00f6llig inkompetent und konnte trotz Vorsch\u00fcssen von \u00fcber 20.000 EUR keine Resultate vorweisen.<br>Wir haben sodann die Vorsch\u00fcsse zur\u00fcckgefordert und nach intensiv gef\u00fchrten Prozessen vom zust\u00e4ndigen Oberlandesgericht zu 4\/5 Recht bekommen. Die Anwaltskanzlei musste S die Vorsch\u00fcsse fast komplett zur\u00fcckzahlen und es wurde neues und renommiertes italienisches Anwaltsteam wurde beauftragt.<br>Allerdings betr\u00e4gt die Prozessdauer in Italien schon mal 10 Jahre. Und die Betr\u00fcger G und Z waren mittellos\u2026. Es konnte ferner -privat- ermittelt werden, dass das Investment nach ein paar Tagen Verweildauer in Italien sofort in verschiedene Offshore-Oasen verschoben wurde. G und Z waren \u201eHandlager\u201c, die sich f\u00fcr einen kleinen Anteil am Investment als \u201en\u00fctzliche Idioten\u201c zur Verf\u00fcgung gestellt hatten. Finale, nachgewiesene Erkenntnis: Der ganze Deal war ein sehr clever angelegtes Mafia-Projekt unter Mitwirkung der italienischen Gro\u00dfbank\u2026<\/p>\n","protected":false},"excerpt":{"rendered":"<p>Der schweizer Staatsb\u00fcrger S investierte, vermittelt durch einen in Asien lebenden Deutschen, bei einer Firma A aus San Marino 10 Millionen USD zur Teilnahme an einem \u201eMTN-Tradingprogramm\u201c. S wandte sich an uns, als nach kurzer Zeit keine Ertr\u00e4ge an ihn gezahlt wurden und die R\u00fcckforderung des Investments erfolglos blieb. Wir nahmen Kontakt auf zu dem [&hellip;]<\/p>\n","protected":false},"author":1,"featured_media":0,"parent":0,"menu_order":0,"comment_status":"closed","ping_status":"closed","template":"","meta":{"footnotes":""},"class_list":["post-244","page","type-page","status-publish","hentry"],"_links":{"self":[{"href":"http:\/\/orca-consult.de\/index.php?rest_route=\/wp\/v2\/pages\/244","targetHints":{"allow":["GET"]}}],"collection":[{"href":"http:\/\/orca-consult.de\/index.php?rest_route=\/wp\/v2\/pages"}],"about":[{"href":"http:\/\/orca-consult.de\/index.php?rest_route=\/wp\/v2\/types\/page"}],"author":[{"embeddable":true,"href":"http:\/\/orca-consult.de\/index.php?rest_route=\/wp\/v2\/users\/1"}],"replies":[{"embeddable":true,"href":"http:\/\/orca-consult.de\/index.php?rest_route=%2Fwp%2Fv2%2Fcomments&post=244"}],"version-history":[{"count":1,"href":"http:\/\/orca-consult.de\/index.php?rest_route=\/wp\/v2\/pages\/244\/revisions"}],"predecessor-version":[{"id":245,"href":"http:\/\/orca-consult.de\/index.php?rest_route=\/wp\/v2\/pages\/244\/revisions\/245"}],"wp:attachment":[{"href":"http:\/\/orca-consult.de\/index.php?rest_route=%2Fwp%2Fv2%2Fmedia&parent=244"}],"curies":[{"name":"wp","href":"https:\/\/api.w.org\/{rel}","templated":true}]}}