{"id":246,"date":"2025-03-18T21:33:53","date_gmt":"2025-03-18T21:33:53","guid":{"rendered":"http:\/\/orca-consult.de\/?p=246"},"modified":"2025-03-18T21:33:53","modified_gmt":"2025-03-18T21:33:53","slug":"entwicklung-von-agb-geschaeftswert-3-000-eur","status":"publish","type":"page","link":"http:\/\/orca-consult.de\/?page_id=246","title":{"rendered":"Entwicklung von AGB | Gesch\u00e4ftswert 3.000 EUR"},"content":{"rendered":"\n<p><\/p>\n\n\n\n<p>Ein Notfallmediziner erkannte, dass die standartisierten Patientenverf\u00fcgungen \u00fcber sehr entscheidende Fragen keine Antworten enthalten. Er entwickelte daher ausf\u00fchrliche Patientenverf\u00fcgungen und gibt dieses Wissen an andere Mediziner weiter. Wir haben den Kooperationsvertrag zwischen ihm und den Medizinern entwickelt.<br><\/p>\n","protected":false},"excerpt":{"rendered":"<p>Ein Notfallmediziner erkannte, dass die standartisierten Patientenverf\u00fcgungen \u00fcber sehr entscheidende Fragen keine Antworten enthalten. Er entwickelte daher ausf\u00fchrliche Patientenverf\u00fcgungen und gibt dieses Wissen an andere Mediziner weiter. Wir haben den Kooperationsvertrag zwischen ihm und den Medizinern entwickelt.<\/p>\n","protected":false},"author":1,"featured_media":0,"parent":0,"menu_order":0,"comment_status":"closed","ping_status":"closed","template":"","meta":{"footnotes":""},"class_list":["post-246","page","type-page","status-publish","hentry"],"_links":{"self":[{"href":"http:\/\/orca-consult.de\/index.php?rest_route=\/wp\/v2\/pages\/246","targetHints":{"allow":["GET"]}}],"collection":[{"href":"http:\/\/orca-consult.de\/index.php?rest_route=\/wp\/v2\/pages"}],"about":[{"href":"http:\/\/orca-consult.de\/index.php?rest_route=\/wp\/v2\/types\/page"}],"author":[{"embeddable":true,"href":"http:\/\/orca-consult.de\/index.php?rest_route=\/wp\/v2\/users\/1"}],"replies":[{"embeddable":true,"href":"http:\/\/orca-consult.de\/index.php?rest_route=%2Fwp%2Fv2%2Fcomments&post=246"}],"version-history":[{"count":1,"href":"http:\/\/orca-consult.de\/index.php?rest_route=\/wp\/v2\/pages\/246\/revisions"}],"predecessor-version":[{"id":247,"href":"http:\/\/orca-consult.de\/index.php?rest_route=\/wp\/v2\/pages\/246\/revisions\/247"}],"wp:attachment":[{"href":"http:\/\/orca-consult.de\/index.php?rest_route=%2Fwp%2Fv2%2Fmedia&parent=246"}],"curies":[{"name":"wp","href":"https:\/\/api.w.org\/{rel}","templated":true}]}}