{"id":250,"date":"2025-03-18T21:36:10","date_gmt":"2025-03-18T21:36:10","guid":{"rendered":"http:\/\/orca-consult.de\/?p=250"},"modified":"2025-03-18T21:36:10","modified_gmt":"2025-03-18T21:36:10","slug":"geltendmachung-von-anspruechen-gegen-eine-versicherung-geschaeftswert-100-000-eur","status":"publish","type":"page","link":"http:\/\/orca-consult.de\/?page_id=250","title":{"rendered":"Geltendmachung von Anspr\u00fcchen gegen eine Versicherung | Gesch\u00e4ftswert 100.000 EUR"},"content":{"rendered":"\n<p>Ein Versicherungsmakler wendete sich an uns. Seine seine Kundin , die Versicherte V, hatte einen Versicherungsvertrag abgeschlossen bezgl. \u201eschwerer Krankheit\u201c. Danach muss die Versicherung bei Ausbruch einer schwerer Krankheit je nach Grad der Erkrankung Leistungen erbringen. Ca. 4 Wochen nach Abschluss der Versicherung erkrankte V schwer. Die Versicherung schrieb der V, dass sie nicht zahlen w\u00fcrde, da Vorerkrankungen nicht korrekt angegeben worden seien und ferner k\u00fcndige man den Vertrag. Da V das Prozesskostenrisiko scheute, empfahl der Versicherungsmakler uns. Wir nahmen Kontakt zur Versicherung auf und nach einigem Hin- und Her nahm die Versicherung die K\u00fcndigung zur\u00fcck und zahlte die Leistungen vertragsgem\u00e4\u00df aus.<\/p>\n","protected":false},"excerpt":{"rendered":"<p>Ein Versicherungsmakler wendete sich an uns. Seine seine Kundin , die Versicherte V, hatte einen Versicherungsvertrag abgeschlossen bezgl. \u201eschwerer Krankheit\u201c. Danach muss die Versicherung bei Ausbruch einer schwerer Krankheit je nach Grad der Erkrankung Leistungen erbringen. Ca. 4 Wochen nach Abschluss der Versicherung erkrankte V schwer. Die Versicherung schrieb der V, dass sie nicht zahlen [&hellip;]<\/p>\n","protected":false},"author":1,"featured_media":0,"parent":0,"menu_order":0,"comment_status":"closed","ping_status":"closed","template":"","meta":{"footnotes":""},"class_list":["post-250","page","type-page","status-publish","hentry"],"_links":{"self":[{"href":"http:\/\/orca-consult.de\/index.php?rest_route=\/wp\/v2\/pages\/250","targetHints":{"allow":["GET"]}}],"collection":[{"href":"http:\/\/orca-consult.de\/index.php?rest_route=\/wp\/v2\/pages"}],"about":[{"href":"http:\/\/orca-consult.de\/index.php?rest_route=\/wp\/v2\/types\/page"}],"author":[{"embeddable":true,"href":"http:\/\/orca-consult.de\/index.php?rest_route=\/wp\/v2\/users\/1"}],"replies":[{"embeddable":true,"href":"http:\/\/orca-consult.de\/index.php?rest_route=%2Fwp%2Fv2%2Fcomments&post=250"}],"version-history":[{"count":1,"href":"http:\/\/orca-consult.de\/index.php?rest_route=\/wp\/v2\/pages\/250\/revisions"}],"predecessor-version":[{"id":251,"href":"http:\/\/orca-consult.de\/index.php?rest_route=\/wp\/v2\/pages\/250\/revisions\/251"}],"wp:attachment":[{"href":"http:\/\/orca-consult.de\/index.php?rest_route=%2Fwp%2Fv2%2Fmedia&parent=250"}],"curies":[{"name":"wp","href":"https:\/\/api.w.org\/{rel}","templated":true}]}}