{"id":256,"date":"2025-03-18T21:38:59","date_gmt":"2025-03-18T21:38:59","guid":{"rendered":"http:\/\/orca-consult.de\/?p=256"},"modified":"2025-03-21T17:18:51","modified_gmt":"2025-03-21T17:18:51","slug":"neue-hausverwaltung-g-wert-50-000-eur","status":"publish","type":"page","link":"http:\/\/orca-consult.de\/?page_id=256","title":{"rendered":"Neue Hausverwaltung | Gesch\u00e4ftsvolumen 50.000 EUR"},"content":{"rendered":"\n<p>Ein Unternehmer hatte mehrere Wohnblocks aufgekauft und diese in Eigentumswohnungen umgewandelt. Wir wurden beauftragt, uns um die die Hausverwaltung zu k\u00fcmmern. Obwohl die Eigentumswohnungen zum Zeitpunkt unserer Beauftragung bereits mehrere Jahre existierten, gab es keine Hausverwaltung. Es wurde beschlossen, ein neues Unternehmen \u201eU\u201c zu gr\u00fcnden und dieses als Basis f\u00fcr die neu zu installierenden Hausverwaltung zu verwenden.<br>Bei Besichtigung der Objekte wurde festgestellt, dass diese sich teilweise in einem schlechten, bez. verwahrlostem Zustand befanden.<br>Zun\u00e4chst wurde eine Firma mit der \u00dcbernahme der Buchhaltung betraut, f\u00fcr jedes Objekt getrennte Bankkonten eingerichtet und die Mieter der Eigentumswohnungen aufgefordert, k\u00fcnftig Zahlungen dorthin zu leisten. R\u00fccklagen waren keine gebildet worden.<br>Alle Eigent\u00fcmer wurden angeschrieben, der U eine Vollmacht zur Einberufung einer Eigent\u00fcmerversammlung zu erteilen, um dann eine korrekte Verwalterwahl durchf\u00fchren zu k\u00f6nnen und die dringend notwendige Sanierung der Objekte zu starten. Nachdem fast alle Vollmachten komplett vorhanden warten, wurde der Auftrag von uns gek\u00fcndigt, da einerseits der Auftraggeber nicht bereit war, eine der Komplexit\u00e4t der Aufgabe angepasste Verg\u00fctung zu entrichten und dar\u00fcber hinaus unterschiedliche Auffassungen \u00fcber die ordnungsgem\u00e4\u00dfe Durchf\u00fchrung von Hausverwaltungen herrschten.<\/p>\n","protected":false},"excerpt":{"rendered":"<p>Ein Unternehmer hatte mehrere Wohnblocks aufgekauft und diese in Eigentumswohnungen umgewandelt. Wir wurden beauftragt, uns um die die Hausverwaltung zu k\u00fcmmern. Obwohl die Eigentumswohnungen zum Zeitpunkt unserer Beauftragung bereits mehrere Jahre existierten, gab es keine Hausverwaltung. Es wurde beschlossen, ein neues Unternehmen \u201eU\u201c zu gr\u00fcnden und dieses als Basis f\u00fcr die neu zu installierenden Hausverwaltung [&hellip;]<\/p>\n","protected":false},"author":1,"featured_media":0,"parent":0,"menu_order":0,"comment_status":"closed","ping_status":"closed","template":"","meta":{"footnotes":""},"class_list":["post-256","page","type-page","status-publish","hentry"],"_links":{"self":[{"href":"http:\/\/orca-consult.de\/index.php?rest_route=\/wp\/v2\/pages\/256","targetHints":{"allow":["GET"]}}],"collection":[{"href":"http:\/\/orca-consult.de\/index.php?rest_route=\/wp\/v2\/pages"}],"about":[{"href":"http:\/\/orca-consult.de\/index.php?rest_route=\/wp\/v2\/types\/page"}],"author":[{"embeddable":true,"href":"http:\/\/orca-consult.de\/index.php?rest_route=\/wp\/v2\/users\/1"}],"replies":[{"embeddable":true,"href":"http:\/\/orca-consult.de\/index.php?rest_route=%2Fwp%2Fv2%2Fcomments&post=256"}],"version-history":[{"count":2,"href":"http:\/\/orca-consult.de\/index.php?rest_route=\/wp\/v2\/pages\/256\/revisions"}],"predecessor-version":[{"id":350,"href":"http:\/\/orca-consult.de\/index.php?rest_route=\/wp\/v2\/pages\/256\/revisions\/350"}],"wp:attachment":[{"href":"http:\/\/orca-consult.de\/index.php?rest_route=%2Fwp%2Fv2%2Fmedia&parent=256"}],"curies":[{"name":"wp","href":"https:\/\/api.w.org\/{rel}","templated":true}]}}