{"id":258,"date":"2025-03-18T21:39:50","date_gmt":"2025-03-18T21:39:50","guid":{"rendered":"http:\/\/orca-consult.de\/?p=258"},"modified":"2025-03-21T17:18:36","modified_gmt":"2025-03-21T17:18:36","slug":"effiziente-ehescheidung-g-wert-50-000-eur","status":"publish","type":"page","link":"http:\/\/orca-consult.de\/?page_id=258","title":{"rendered":"Effiziente Ehescheidung | Gesch\u00e4ftsvolumen 50.000 EUR"},"content":{"rendered":"\n<p>Ein verm\u00f6gendes Ehepaar wollte sich scheiden lassen und war sich im Gro\u00dfen und Ganzen einig \u00fcber die Rahmenbedingungen. Zum Verm\u00f6gen der Eheleute geh\u00f6rten Immobilien mit einem Verkehrswert von mehreren Millionen. Durch geschicktes Ausnutzen einer der Gesetzeslage wurde die Ehe in Frieden und Eintracht kosteneffizient geschieden und die Ex-Ehegatten sparten einen mittleren 5-stelligen Betrag .<\/p>\n\n\n\n<p><\/p>\n","protected":false},"excerpt":{"rendered":"<p>Ein verm\u00f6gendes Ehepaar wollte sich scheiden lassen und war sich im Gro\u00dfen und Ganzen einig \u00fcber die Rahmenbedingungen. Zum Verm\u00f6gen der Eheleute geh\u00f6rten Immobilien mit einem Verkehrswert von mehreren Millionen. Durch geschicktes Ausnutzen einer der Gesetzeslage wurde die Ehe in Frieden und Eintracht kosteneffizient geschieden und die Ex-Ehegatten sparten einen mittleren 5-stelligen Betrag .<\/p>\n","protected":false},"author":1,"featured_media":0,"parent":0,"menu_order":0,"comment_status":"closed","ping_status":"closed","template":"","meta":{"footnotes":""},"class_list":["post-258","page","type-page","status-publish","hentry"],"_links":{"self":[{"href":"http:\/\/orca-consult.de\/index.php?rest_route=\/wp\/v2\/pages\/258","targetHints":{"allow":["GET"]}}],"collection":[{"href":"http:\/\/orca-consult.de\/index.php?rest_route=\/wp\/v2\/pages"}],"about":[{"href":"http:\/\/orca-consult.de\/index.php?rest_route=\/wp\/v2\/types\/page"}],"author":[{"embeddable":true,"href":"http:\/\/orca-consult.de\/index.php?rest_route=\/wp\/v2\/users\/1"}],"replies":[{"embeddable":true,"href":"http:\/\/orca-consult.de\/index.php?rest_route=%2Fwp%2Fv2%2Fcomments&post=258"}],"version-history":[{"count":3,"href":"http:\/\/orca-consult.de\/index.php?rest_route=\/wp\/v2\/pages\/258\/revisions"}],"predecessor-version":[{"id":349,"href":"http:\/\/orca-consult.de\/index.php?rest_route=\/wp\/v2\/pages\/258\/revisions\/349"}],"wp:attachment":[{"href":"http:\/\/orca-consult.de\/index.php?rest_route=%2Fwp%2Fv2%2Fmedia&parent=258"}],"curies":[{"name":"wp","href":"https:\/\/api.w.org\/{rel}","templated":true}]}}