{"id":262,"date":"2025-03-18T21:41:06","date_gmt":"2025-03-18T21:41:06","guid":{"rendered":"http:\/\/orca-consult.de\/?page_id=262"},"modified":"2025-03-18T23:16:14","modified_gmt":"2025-03-18T23:16:14","slug":"nachlass-geschaeftswert-1-mio-eur-2","status":"publish","type":"page","link":"http:\/\/orca-consult.de\/?page_id=262","title":{"rendered":"Nachla\u00df | Gesch\u00e4ftswert 1 Mio EUR"},"content":{"rendered":"\n<p>Eine sehr wohlhabende Familie erbte Verm\u00f6gen und Immobilien, konnte sich aber nicht \u00fcber die Verteilung der Assets einigen. Sehr teure Rechtsstreitigkeiten standen unmittelbar bevor. Durch Verhandlungen konnte eine allseits akzeptierte Einigung erreicht werden und -zig tausende Euro verblieben bei der Familie anstatt in \u00fcberfl\u00fcssigen Gerichtsprozessen pulverisiert zu werden. Dar\u00fcber hinaus wurde organisiert, dass eine zum Nachla\u00df geh\u00f6rende Immobilien komplett und besenrein ger\u00e4umt wurde.<\/p>\n","protected":false},"excerpt":{"rendered":"<p>Eine sehr wohlhabende Familie erbte Verm\u00f6gen und Immobilien, konnte sich aber nicht \u00fcber die Verteilung der Assets einigen. Sehr teure Rechtsstreitigkeiten standen unmittelbar bevor. Durch Verhandlungen konnte eine allseits akzeptierte Einigung erreicht werden und -zig tausende Euro verblieben bei der Familie anstatt in \u00fcberfl\u00fcssigen Gerichtsprozessen pulverisiert zu werden. Dar\u00fcber hinaus wurde organisiert, dass eine zum [&hellip;]<\/p>\n","protected":false},"author":1,"featured_media":0,"parent":193,"menu_order":0,"comment_status":"closed","ping_status":"closed","template":"","meta":{"footnotes":""},"class_list":["post-262","page","type-page","status-publish","hentry"],"_links":{"self":[{"href":"http:\/\/orca-consult.de\/index.php?rest_route=\/wp\/v2\/pages\/262","targetHints":{"allow":["GET"]}}],"collection":[{"href":"http:\/\/orca-consult.de\/index.php?rest_route=\/wp\/v2\/pages"}],"about":[{"href":"http:\/\/orca-consult.de\/index.php?rest_route=\/wp\/v2\/types\/page"}],"author":[{"embeddable":true,"href":"http:\/\/orca-consult.de\/index.php?rest_route=\/wp\/v2\/users\/1"}],"replies":[{"embeddable":true,"href":"http:\/\/orca-consult.de\/index.php?rest_route=%2Fwp%2Fv2%2Fcomments&post=262"}],"version-history":[{"count":1,"href":"http:\/\/orca-consult.de\/index.php?rest_route=\/wp\/v2\/pages\/262\/revisions"}],"predecessor-version":[{"id":264,"href":"http:\/\/orca-consult.de\/index.php?rest_route=\/wp\/v2\/pages\/262\/revisions\/264"}],"up":[{"embeddable":true,"href":"http:\/\/orca-consult.de\/index.php?rest_route=\/wp\/v2\/pages\/193"}],"wp:attachment":[{"href":"http:\/\/orca-consult.de\/index.php?rest_route=%2Fwp%2Fv2%2Fmedia&parent=262"}],"curies":[{"name":"wp","href":"https:\/\/api.w.org\/{rel}","templated":true}]}}