{"id":268,"date":"2025-03-18T21:51:39","date_gmt":"2025-03-18T21:51:39","guid":{"rendered":"http:\/\/orca-consult.de\/?p=268"},"modified":"2025-03-21T16:50:48","modified_gmt":"2025-03-21T16:50:48","slug":"backoffice-versicherung-g-wert-e-5000","status":"publish","type":"page","link":"http:\/\/orca-consult.de\/?page_id=268","title":{"rendered":"Backoffice Finanzdienstleister | Gesch\u00e4ftsvolumen \u20ac 5000"},"content":{"rendered":"\n<p>F\u00fcr eine mittelgro\u00dfe Versicherungsagentur beraten wir in Problemf\u00e4llen im HIntergrund, entwickeln Belehrungstexte, allgemeine Vertragsbedingungen, Vertragsmuster oder helfen, festgefahrene Konflikte mit deren Kunden zu l\u00f6sen.<\/p>\n\n\n\n<p><\/p>\n","protected":false},"excerpt":{"rendered":"<p>F\u00fcr eine mittelgro\u00dfe Versicherungsagentur beraten wir in Problemf\u00e4llen im HIntergrund, entwickeln Belehrungstexte, allgemeine Vertragsbedingungen, Vertragsmuster oder helfen, festgefahrene Konflikte mit deren Kunden zu l\u00f6sen.<\/p>\n","protected":false},"author":1,"featured_media":0,"parent":193,"menu_order":0,"comment_status":"closed","ping_status":"closed","template":"","meta":{"footnotes":""},"class_list":["post-268","page","type-page","status-publish","hentry"],"_links":{"self":[{"href":"http:\/\/orca-consult.de\/index.php?rest_route=\/wp\/v2\/pages\/268","targetHints":{"allow":["GET"]}}],"collection":[{"href":"http:\/\/orca-consult.de\/index.php?rest_route=\/wp\/v2\/pages"}],"about":[{"href":"http:\/\/orca-consult.de\/index.php?rest_route=\/wp\/v2\/types\/page"}],"author":[{"embeddable":true,"href":"http:\/\/orca-consult.de\/index.php?rest_route=\/wp\/v2\/users\/1"}],"replies":[{"embeddable":true,"href":"http:\/\/orca-consult.de\/index.php?rest_route=%2Fwp%2Fv2%2Fcomments&post=268"}],"version-history":[{"count":4,"href":"http:\/\/orca-consult.de\/index.php?rest_route=\/wp\/v2\/pages\/268\/revisions"}],"predecessor-version":[{"id":332,"href":"http:\/\/orca-consult.de\/index.php?rest_route=\/wp\/v2\/pages\/268\/revisions\/332"}],"up":[{"embeddable":true,"href":"http:\/\/orca-consult.de\/index.php?rest_route=\/wp\/v2\/pages\/193"}],"wp:attachment":[{"href":"http:\/\/orca-consult.de\/index.php?rest_route=%2Fwp%2Fv2%2Fmedia&parent=268"}],"curies":[{"name":"wp","href":"https:\/\/api.w.org\/{rel}","templated":true}]}}