{"id":270,"date":"2025-03-18T21:58:25","date_gmt":"2025-03-18T21:58:25","guid":{"rendered":"http:\/\/orca-consult.de\/?p=270"},"modified":"2025-03-21T16:46:10","modified_gmt":"2025-03-21T16:46:10","slug":"offshore-company-g-wert-e-10-000","status":"publish","type":"page","link":"http:\/\/orca-consult.de\/?page_id=270","title":{"rendered":"Offshore-Company | Gesch\u00e4ftsvolumen \u20ac 9.000"},"content":{"rendered":"\n<p>Eine Gruppe von ausgewanderten ehemaligen Unternehmern wollten noch die eine oder andere business-opportunity wahrnehmen und suchte daf\u00fcr eine geeignete Plattform.<\/p>\n\n\n\n<p>Wir haben f\u00fcr diese Gruppe eine <strong>Offshore-Gesellschaft<\/strong> gegr\u00fcndet und vertreten diese Gesellschaft hin- und wieder, wenn eine Vertretung in Deutschland notwendig wird.<\/p>\n\n\n\n<p>Uns wurde fest zugesagt, im Gegenzug f\u00fcr unsere Mitarbeit funds f\u00fcr ein Projekt zur Verf\u00fcgung zu stellen, das sich zur Aufgabe gemacht hat, mitzuhelfen, Plastik aus dem Meer zu entfernen.<\/p>\n\n\n\n<p>F\u00fcr uns ist dies ein Charity-Projekt.<\/p>\n\n\n\n<p><\/p>\n","protected":false},"excerpt":{"rendered":"<p>Eine Gruppe von ausgewanderten ehemaligen Unternehmern wollten noch die eine oder andere business-opportunity wahrnehmen und suchte daf\u00fcr eine geeignete Plattform. Wir haben f\u00fcr diese Gruppe eine Offshore-Gesellschaft gegr\u00fcndet und vertreten diese Gesellschaft hin- und wieder, wenn eine Vertretung in Deutschland notwendig wird. Uns wurde fest zugesagt, im Gegenzug f\u00fcr unsere Mitarbeit funds f\u00fcr ein Projekt [&hellip;]<\/p>\n","protected":false},"author":1,"featured_media":0,"parent":193,"menu_order":0,"comment_status":"closed","ping_status":"closed","template":"","meta":{"footnotes":""},"class_list":["post-270","page","type-page","status-publish","hentry"],"_links":{"self":[{"href":"http:\/\/orca-consult.de\/index.php?rest_route=\/wp\/v2\/pages\/270","targetHints":{"allow":["GET"]}}],"collection":[{"href":"http:\/\/orca-consult.de\/index.php?rest_route=\/wp\/v2\/pages"}],"about":[{"href":"http:\/\/orca-consult.de\/index.php?rest_route=\/wp\/v2\/types\/page"}],"author":[{"embeddable":true,"href":"http:\/\/orca-consult.de\/index.php?rest_route=\/wp\/v2\/users\/1"}],"replies":[{"embeddable":true,"href":"http:\/\/orca-consult.de\/index.php?rest_route=%2Fwp%2Fv2%2Fcomments&post=270"}],"version-history":[{"count":5,"href":"http:\/\/orca-consult.de\/index.php?rest_route=\/wp\/v2\/pages\/270\/revisions"}],"predecessor-version":[{"id":329,"href":"http:\/\/orca-consult.de\/index.php?rest_route=\/wp\/v2\/pages\/270\/revisions\/329"}],"up":[{"embeddable":true,"href":"http:\/\/orca-consult.de\/index.php?rest_route=\/wp\/v2\/pages\/193"}],"wp:attachment":[{"href":"http:\/\/orca-consult.de\/index.php?rest_route=%2Fwp%2Fv2%2Fmedia&parent=270"}],"curies":[{"name":"wp","href":"https:\/\/api.w.org\/{rel}","templated":true}]}}