{"id":62,"date":"2019-02-10T16:25:10","date_gmt":"2019-02-10T16:25:10","guid":{"rendered":"http:\/\/orca-consult.de\/?page_id=62"},"modified":"2019-02-12T21:29:02","modified_gmt":"2019-02-12T21:29:02","slug":"gruendung-unternehmen","status":"publish","type":"page","link":"http:\/\/orca-consult.de\/?page_id=62","title":{"rendered":"Gr\u00fcndung"},"content":{"rendered":"\n<p><strong>Rechtsform<\/strong><br>Soll es eine Einzelfirma oder juristische Person sein ? Reicht ein &#8222;einfaches&#8220; Gewerbe oder ist eine GmbH, KG oder OHG sinnvoll ? Gerne pr\u00fcfen wir auch, ob eine ausl\u00e4ndische Firma f\u00fcr Sie Sinn macht (britische Limited, Schweizer AG) ) oder ob ein \u201eExot\u201c, z.B. eine Belize oder Panama &#8211; IBC die Firma der Wahl sein kann und gr\u00fcnden diese ggf. auch f\u00fcr Sie.<\/p>\n\n\n\n<p><strong>Gr\u00fcndung<\/strong><br>Steht die Rechtsform des k\u00fcnftigen Unternehmens fest, geht es an die Umsetzung: Gewerbeamt, Notar, Steuerberater, IHK, Werbeagentur, Grafiker, Druckerei, Webdesigner usw, usw. <br>Wir legen Ihnen dar, welche Ma\u00dfnahmen notwendig sind und was man (zun\u00e4chst) weglassen kann, um die Gr\u00fcndungskosten zu reduzieren.<\/p>\n\n\n\n<p><strong>Businessplan<\/strong><br>Banken sind \u201everliebt\u201c in Business-Pl\u00e4ne. <br>Ben\u00f6tigen Sie ein Bankdarlehn, ben\u00f6tigen Sie einen Businessplan. Ein Business- oder Gesch\u00e4ftsplan sollte klar und verst\u00e4ndlich alle Chancen und Risiken Ihres zu gr\u00fcndenden Unternehmens darstellen (Gesch\u00e4ftsidee, Marktanalyse, Realisierung, Kapitalbedarf, Gewinnprognose). Daf\u00fcr gibt es im Internet jede Menge freie Vorlagen, falls Sie es selbst machen wollen. Es kann eigentlich (fast) jeder selbst erledigen, es nur eine Frage des Aufwands. Denn die Erstellung eines Businessplans ist leider zeitintensiv.<br>Wollen Sie in dieser Zeit lieber Geld verdienen, machen wir das f\u00fcr Sie. <br>Und bei der Auswahl einer geeigneten Bank sind wir auf Wunsch auch behilflich.<\/p>\n\n\n\n<p><strong>Homepage<\/strong><br>Bevor eine neue Homepage gemacht wird, ist eine gute Vorplanung das Wichtigste. Die ganz zentrale Frage: Was soll die Homepage leisten ? <br>Soll sie nur eine bessere Web-Adresse sein, sollen Ihre Kunden dort etwas bestellen \/ buchen k\u00f6nnen, wollen Sie selbst, auch ohne besondere Computerkenntnisse, dort Inhalte ab\u00e4ndern k\u00f6nnen, was darf die Homepage kosten usw, usw.<br>Wenn sie nicht sicher sind, g\u00f6nnen Sie sich vorher eine Beratung. <br>Es rechnet sich. Wir erstellen f\u00fcr Sie Homepages f\u00fcr den einfachen. gewerblichen Gebrauch oder aber planen mit Ihnen zusammen exklusive hochwertige Homepages jeglicher Gr\u00f6\u00dfenordnung in Zusammenarbeit mit Webdesignern, SEOs und Content-Managern.<\/p>\n","protected":false},"excerpt":{"rendered":"<p>RechtsformSoll es eine Einzelfirma oder juristische Person sein ? Reicht ein &#8222;einfaches&#8220; Gewerbe oder ist eine GmbH, KG oder OHG sinnvoll ? Gerne pr\u00fcfen wir auch, ob eine ausl\u00e4ndische Firma f\u00fcr Sie Sinn macht (britische Limited, Schweizer AG) ) oder ob ein \u201eExot\u201c, z.B. eine Belize oder Panama &#8211; IBC die Firma der Wahl sein [&hellip;]<\/p>\n","protected":false},"author":1,"featured_media":0,"parent":0,"menu_order":0,"comment_status":"closed","ping_status":"closed","template":"","meta":{"footnotes":""},"class_list":["post-62","page","type-page","status-publish","hentry"],"_links":{"self":[{"href":"http:\/\/orca-consult.de\/index.php?rest_route=\/wp\/v2\/pages\/62","targetHints":{"allow":["GET"]}}],"collection":[{"href":"http:\/\/orca-consult.de\/index.php?rest_route=\/wp\/v2\/pages"}],"about":[{"href":"http:\/\/orca-consult.de\/index.php?rest_route=\/wp\/v2\/types\/page"}],"author":[{"embeddable":true,"href":"http:\/\/orca-consult.de\/index.php?rest_route=\/wp\/v2\/users\/1"}],"replies":[{"embeddable":true,"href":"http:\/\/orca-consult.de\/index.php?rest_route=%2Fwp%2Fv2%2Fcomments&post=62"}],"version-history":[{"count":5,"href":"http:\/\/orca-consult.de\/index.php?rest_route=\/wp\/v2\/pages\/62\/revisions"}],"predecessor-version":[{"id":158,"href":"http:\/\/orca-consult.de\/index.php?rest_route=\/wp\/v2\/pages\/62\/revisions\/158"}],"wp:attachment":[{"href":"http:\/\/orca-consult.de\/index.php?rest_route=%2Fwp%2Fv2%2Fmedia&parent=62"}],"curies":[{"name":"wp","href":"https:\/\/api.w.org\/{rel}","templated":true}]}}