{"id":66,"date":"2019-02-10T16:41:59","date_gmt":"2019-02-10T16:41:59","guid":{"rendered":"http:\/\/orca-consult.de\/?page_id=66"},"modified":"2019-02-10T21:16:45","modified_gmt":"2019-02-10T21:16:45","slug":"liquidation-unternehmen","status":"publish","type":"page","link":"http:\/\/orca-consult.de\/?page_id=66","title":{"rendered":"Liquidation"},"content":{"rendered":"\n<p> | <br>Die Liquidation ist im Gegensatz zur Insolvenz das &#8222;normale&#8220; Ende eines Unternehmens.<\/p>\n\n\n\n<p>Sollten Sie als Gesellschafter einer GmbH die GmbH korrekt &#8222;beenden&#8220;, erfolgt dies in einem mehrstufigen Verfahren.<\/p>\n\n\n\n<p>Zun\u00e4chst ist ein Gesellschafterbeschluss zu fassen, dar\u00fcber, dass die GmbH aufgel\u00f6st wird.<\/p>\n\n\n\n<p>Nach Anmeldung der Aufl\u00f6sung im Handelsregister und der Ver\u00f6ffentlichung (meistens im Bundesanzeiger), beginnt eine (Mindest-) Frist von einem Jahr zu laufen.<\/p>\n\n\n\n<p>Innerhalb dieses Jahres sind u.a. die bestehenden Gesch\u00e4fte abzuwickeln, Gl\u00e4ubiger zu befriedigen und die bestehenden Forderungen einzuziehen.<\/p>\n\n\n\n<p>Normalerweise \u00fcbernimmt der Gesch\u00e4ftsf\u00fchrer diese T\u00e4tigkeit, aber es gibt auch gute Gr\u00fcnde, einen &#8222;externen&#8220; Liquidator zu bestellen, so z.B. wenn der bestehende Gesch\u00e4ftsf\u00fchrer<\/p>\n\n\n\n<ul class=\"wp-block-list\"><li>sein Amt niedergelegt hat<\/li><li> krankheitsbedingt verhindert ist<\/li><li>sich die Liquidation nicht zutraut<\/li><\/ul>\n\n\n\n<p> Ein typischer Fall f\u00fcr die Beauftragung eines externen Liquidators ist z.B. , dass in einer kleineren GmbH der Gesch\u00e4ftsf\u00fchrer, der gleichzeitig Gesellschafter ist, sich altersbedingt ins Privatleben zur\u00fcckzieht und schlicht keine Lust mehr hat, sich dieser recht komplexen Prozedur zu unterziehen.<\/p>\n\n\n\n<p>Oder das Schicksal unverhofft zuschl\u00e4gt und das &#8222;Herz&#8220; des Unternehmens, der &#8222;Chef&#8220;, Gesellschafter und Gesch\u00e4ftsf\u00fchrer zugleich, stirbt und die Ehefrau pl\u00f6tzlich &#8222;allein&#8220; dasteht .<\/p>\n\n\n\n<p>Wir verf\u00fcgen \u00fcber breit gef\u00e4chertes Netzwerk, bestehend aus  erfahrenen Spezialisten (Betriebswirten, Juristen, Steuerberatern usw), die nach Bedarf hinzugezogen werden k\u00f6nnen.<\/p>\n\n\n\n<p>Falls Sie also Ihr Unternehmen nicht selbst &#8222;zu Grabe tragen wollen&#8220; &#8211; wir machen das f\u00fcr Sie und versuchen dabei, ein m\u00f6glichst hohen Ertrag f\u00fcr Sie zu erwirtschaften.<\/p>\n","protected":false},"excerpt":{"rendered":"<p>| Die Liquidation ist im Gegensatz zur Insolvenz das &#8222;normale&#8220; Ende eines Unternehmens. Sollten Sie als Gesellschafter einer GmbH die GmbH korrekt &#8222;beenden&#8220;, erfolgt dies in einem mehrstufigen Verfahren. Zun\u00e4chst ist ein Gesellschafterbeschluss zu fassen, dar\u00fcber, dass die GmbH aufgel\u00f6st wird. Nach Anmeldung der Aufl\u00f6sung im Handelsregister und der Ver\u00f6ffentlichung (meistens im Bundesanzeiger), beginnt eine [&hellip;]<\/p>\n","protected":false},"author":1,"featured_media":0,"parent":0,"menu_order":0,"comment_status":"closed","ping_status":"closed","template":"","meta":{"footnotes":""},"class_list":["post-66","page","type-page","status-publish","hentry"],"_links":{"self":[{"href":"http:\/\/orca-consult.de\/index.php?rest_route=\/wp\/v2\/pages\/66","targetHints":{"allow":["GET"]}}],"collection":[{"href":"http:\/\/orca-consult.de\/index.php?rest_route=\/wp\/v2\/pages"}],"about":[{"href":"http:\/\/orca-consult.de\/index.php?rest_route=\/wp\/v2\/types\/page"}],"author":[{"embeddable":true,"href":"http:\/\/orca-consult.de\/index.php?rest_route=\/wp\/v2\/users\/1"}],"replies":[{"embeddable":true,"href":"http:\/\/orca-consult.de\/index.php?rest_route=%2Fwp%2Fv2%2Fcomments&post=66"}],"version-history":[{"count":2,"href":"http:\/\/orca-consult.de\/index.php?rest_route=\/wp\/v2\/pages\/66\/revisions"}],"predecessor-version":[{"id":139,"href":"http:\/\/orca-consult.de\/index.php?rest_route=\/wp\/v2\/pages\/66\/revisions\/139"}],"wp:attachment":[{"href":"http:\/\/orca-consult.de\/index.php?rest_route=%2Fwp%2Fv2%2Fmedia&parent=66"}],"curies":[{"name":"wp","href":"https:\/\/api.w.org\/{rel}","templated":true}]}}