{"id":88,"date":"2019-02-10T17:38:47","date_gmt":"2019-02-10T17:38:47","guid":{"rendered":"http:\/\/orca-consult.de\/?page_id=88"},"modified":"2019-02-10T17:38:47","modified_gmt":"2019-02-10T17:38:47","slug":"forderungen","status":"publish","type":"page","link":"http:\/\/orca-consult.de\/?page_id=88","title":{"rendered":"Forderungen"},"content":{"rendered":"\n<p>Haben Sie eine Forderung gegen Jemanden und keine finanziellen Mittel, die Forderung geltend zu machen?  Oft k\u00f6nnen wir,  in Zusammenarbeit mit einem Inkasso-B\u00fcros,  helfen. <\/p>\n\n\n\n<p>Wenn Sie bereits im Besitz eines vollstreckbaren <strong>Titels<\/strong> (z.B. ein Urteil oder ein Vollstreckungsbescheid) gegen den Schuldner sind, k\u00f6nnen wir<br>direkt  versuchen, die Forderung f\u00fcr Sie einzuziehen. <\/p>\n\n\n\n<p>Haben Sie noch noch <strong>keinen Titel<\/strong> erstritten, da Sie das  Proze\u00dfkostenrisiko scheuen oder nicht die notwendigen Finanzmittel aufbringen k\u00f6nnen oder wollen, haben wir 2 attraktive Angebote  <br>f\u00fcr Sie, n\u00e4mlich :<\/p>\n\n\n\n<ul class=\"wp-block-list\"><li>den Forderungskauf oder<\/li><li>die Proze\u00dfkostenfinanzierung<\/li><\/ul>\n\n\n\n<p><strong>Forderungskauf<\/strong><br>Wir bewerten Ihre Forderung und kaufen Sie Ihnen ab. In der Regel wird die Kaufpreiszahlung erst f\u00e4llig, wenn wir, in Zusammenarbeit mit einem Inkasso-Institut, diese erfolgreich geltend gemacht haben.<\/p>\n\n\n\n<p><strong>Proze\u00dfkostenfinanzierung <\/strong><br>Der Name ist irref\u00fchrend, aber allgemein gebr\u00e4uchlich.  Hierbei \u00fcbertragen Sie uns die Forderung, wir machen sie in eigenem Namen und auf eigene Kosten geltend. Sie bezahlen nichts, auch nicht, falls prozessiert wird. Lediglich im Erfolgsfall erhalten wir einen Anteil vom Gewinn.<br>Die H\u00f6he des Gewinnanteils wird jeweils individuell kalkuliert und Ihnen vor \u00dcbernahme des Auftrags dargelegt.<br><br><\/p>\n\n\n\n<p><\/p>\n\n\n\n<p><\/p>\n\n\n\n<p>I<\/p>\n","protected":false},"excerpt":{"rendered":"<p>Haben Sie eine Forderung gegen Jemanden und keine finanziellen Mittel, die Forderung geltend zu machen? Oft k\u00f6nnen wir, in Zusammenarbeit mit einem Inkasso-B\u00fcros, helfen. Wenn Sie bereits im Besitz eines vollstreckbaren Titels (z.B. ein Urteil oder ein Vollstreckungsbescheid) gegen den Schuldner sind, k\u00f6nnen wirdirekt versuchen, die Forderung f\u00fcr Sie einzuziehen. Haben Sie noch noch keinen [&hellip;]<\/p>\n","protected":false},"author":1,"featured_media":0,"parent":0,"menu_order":0,"comment_status":"closed","ping_status":"closed","template":"","meta":{"footnotes":""},"class_list":["post-88","page","type-page","status-publish","hentry"],"_links":{"self":[{"href":"http:\/\/orca-consult.de\/index.php?rest_route=\/wp\/v2\/pages\/88","targetHints":{"allow":["GET"]}}],"collection":[{"href":"http:\/\/orca-consult.de\/index.php?rest_route=\/wp\/v2\/pages"}],"about":[{"href":"http:\/\/orca-consult.de\/index.php?rest_route=\/wp\/v2\/types\/page"}],"author":[{"embeddable":true,"href":"http:\/\/orca-consult.de\/index.php?rest_route=\/wp\/v2\/users\/1"}],"replies":[{"embeddable":true,"href":"http:\/\/orca-consult.de\/index.php?rest_route=%2Fwp%2Fv2%2Fcomments&post=88"}],"version-history":[{"count":2,"href":"http:\/\/orca-consult.de\/index.php?rest_route=\/wp\/v2\/pages\/88\/revisions"}],"predecessor-version":[{"id":91,"href":"http:\/\/orca-consult.de\/index.php?rest_route=\/wp\/v2\/pages\/88\/revisions\/91"}],"wp:attachment":[{"href":"http:\/\/orca-consult.de\/index.php?rest_route=%2Fwp%2Fv2%2Fmedia&parent=88"}],"curies":[{"name":"wp","href":"https:\/\/api.w.org\/{rel}","templated":true}]}}