{"id":97,"date":"2000-01-01T17:53:00","date_gmt":"2000-01-01T17:53:00","guid":{"rendered":"http:\/\/orca-consult.de\/?p=97"},"modified":"2025-01-31T00:09:16","modified_gmt":"2025-01-31T00:09:16","slug":"erledigt","status":"publish","type":"page","link":"http:\/\/orca-consult.de\/?page_id=97","title":{"rendered":"Erledigt !"},"content":{"rendered":"\n<p>Hier finden Sie eine Darstellung von interessanten oder typischen Auftr\u00e4gen, die wir \u00fcbernommen haben.<\/p>\n\n\n\n<p>Teilweise haben wir die Auftr\u00e4ge zusammen mit unseren Netzwerk-Partnern durchgef\u00fchrt.<\/p>\n\n\n\n<p>Wie Sie sehen (k\u00f6nnen), sind sehr au\u00dfergew\u00f6hnliche Fallkonstellationen dabei, die uns Einiges abverlangt haben.<\/p>\n\n\n\n<p>Aber es gibt nichts Schlimmer f\u00fcr uns als Routine; wir lieben  Herausforderungen !<\/p>\n","protected":false},"excerpt":{"rendered":"<p>Hier finden Sie eine Darstellung von interessanten oder typischen Auftr\u00e4gen, die wir \u00fcbernommen haben. Teilweise haben wir die Auftr\u00e4ge zusammen mit unseren Netzwerk-Partnern durchgef\u00fchrt. Wie Sie sehen (k\u00f6nnen), sind sehr au\u00dfergew\u00f6hnliche Fallkonstellationen dabei, die uns Einiges abverlangt haben. Aber es gibt nichts Schlimmer f\u00fcr uns als Routine; wir lieben Herausforderungen !<\/p>\n","protected":false},"author":1,"featured_media":0,"parent":0,"menu_order":0,"comment_status":"closed","ping_status":"closed","template":"","meta":{"footnotes":""},"class_list":["post-97","page","type-page","status-publish","hentry"],"_links":{"self":[{"href":"http:\/\/orca-consult.de\/index.php?rest_route=\/wp\/v2\/pages\/97","targetHints":{"allow":["GET"]}}],"collection":[{"href":"http:\/\/orca-consult.de\/index.php?rest_route=\/wp\/v2\/pages"}],"about":[{"href":"http:\/\/orca-consult.de\/index.php?rest_route=\/wp\/v2\/types\/page"}],"author":[{"embeddable":true,"href":"http:\/\/orca-consult.de\/index.php?rest_route=\/wp\/v2\/users\/1"}],"replies":[{"embeddable":true,"href":"http:\/\/orca-consult.de\/index.php?rest_route=%2Fwp%2Fv2%2Fcomments&post=97"}],"version-history":[{"count":3,"href":"http:\/\/orca-consult.de\/index.php?rest_route=\/wp\/v2\/pages\/97\/revisions"}],"predecessor-version":[{"id":191,"href":"http:\/\/orca-consult.de\/index.php?rest_route=\/wp\/v2\/pages\/97\/revisions\/191"}],"wp:attachment":[{"href":"http:\/\/orca-consult.de\/index.php?rest_route=%2Fwp%2Fv2%2Fmedia&parent=97"}],"curies":[{"name":"wp","href":"https:\/\/api.w.org\/{rel}","templated":true}]}}